{"id":260,"date":"2020-04-27T11:04:30","date_gmt":"2020-04-27T11:04:30","guid":{"rendered":"https:\/\/www.theatreinsaintdomingue.org\/?page_id=260"},"modified":"2020-04-28T10:21:21","modified_gmt":"2020-04-28T10:21:21","slug":"pran-kontak-ak-nou","status":"publish","type":"page","link":"https:\/\/www.theatreinsaintdomingue.org\/index.php\/ht\/pran-kontak-ak-nou\/","title":{"rendered":"Pran Kontak ak Nou"},"content":{"rendered":"<p>Nou ta renmen jwenn fidbak ou sou sit ent\u00e8n\u00e8t ak baz done Teyat nan Sendomeng la, nou sitou ta renmen gen k\u00f2mant\u00e8 nan men moun k ap s\u00e8vi ak li pou rech\u00e8ch ansanm ak\/osinon pou anseye oubyen jis paske sa enterese nou pou rezon pa nou. Tanpri voye k\u00f2mant\u00e8 yo bay\u00a0<a href=\"mailto:saintdomingue@st-andrews.ac.uk\">saintdomingue@st-andrews.ac.uk<\/a><\/p>\n","protected":false},"excerpt":{"rendered":"<p>Nou ta renmen jwenn fidbak ou sou sit ent\u00e8n\u00e8t ak baz done Teyat nan Sendomeng la, nou sitou ta renmen gen k\u00f2mant\u00e8 nan men moun k ap s\u00e8vi ak li pou rech\u00e8ch ansanm ak\/osinon pou anseye oubyen jis paske sa enterese nou pou rezon pa nou. Tanpri voye k\u00f2mant\u00e8 yo bay\u00a0saintdomingue@st-andrews.ac.uk<\/p>\n","protected":false},"author":1,"featured_media":0,"parent":0,"menu_order":0,"comment_status":"closed","ping_status":"closed","template":"","meta":{"footnotes":""},"class_list":["post-260","page","type-page","status-publish","hentry"],"_links":{"self":[{"href":"https:\/\/www.theatreinsaintdomingue.org\/index.php\/wp-json\/wp\/v2\/pages\/260","targetHints":{"allow":["GET"]}}],"collection":[{"href":"https:\/\/www.theatreinsaintdomingue.org\/index.php\/wp-json\/wp\/v2\/pages"}],"about":[{"href":"https:\/\/www.theatreinsaintdomingue.org\/index.php\/wp-json\/wp\/v2\/types\/page"}],"author":[{"embeddable":true,"href":"https:\/\/www.theatreinsaintdomingue.org\/index.php\/wp-json\/wp\/v2\/users\/1"}],"replies":[{"embeddable":true,"href":"https:\/\/www.theatreinsaintdomingue.org\/index.php\/wp-json\/wp\/v2\/comments?post=260"}],"version-history":[{"count":2,"href":"https:\/\/www.theatreinsaintdomingue.org\/index.php\/wp-json\/wp\/v2\/pages\/260\/revisions"}],"predecessor-version":[{"id":279,"href":"https:\/\/www.theatreinsaintdomingue.org\/index.php\/wp-json\/wp\/v2\/pages\/260\/revisions\/279"}],"wp:attachment":[{"href":"https:\/\/www.theatreinsaintdomingue.org\/index.php\/wp-json\/wp\/v2\/media?parent=260"}],"curies":[{"name":"wp","href":"https:\/\/api.w.org\/{rel}","templated":true}]}}