{"id":223,"date":"2019-02-05T17:54:26","date_gmt":"2019-02-05T17:54:26","guid":{"rendered":"https:\/\/www.theatreinsaintdomingue.org\/?page_id=223"},"modified":"2019-02-05T17:54:26","modified_gmt":"2019-02-05T17:54:26","slug":"nous-contacter","status":"publish","type":"page","link":"https:\/\/www.theatreinsaintdomingue.org\/index.php\/fr\/nous-contacter\/","title":{"rendered":"nous contacter"},"content":{"rendered":"\n<p>Vos commentaires sur le site Web et la base de donn\u00e9es <em>Les spectacles \u00e0 Saint-Domingue<\/em> sont les bienvenus. Nous aimerions particuli\u00e8rement conna\u00eetre le point de vue de ceux qui l\u2019utilisent pour la recherche et\/ou l\u2019enseignement ou par int\u00e9r\u00eat personnel. Veuillez envoyer vos remarques \u00e0 <a href=\"mailto:saintdomingue@st-andrews.ac.uk\">saintdomingue@st-andrews.ac.uk<\/a><\/p>\n","protected":false},"excerpt":{"rendered":"<p>Vos commentaires sur le site Web et la base de donn\u00e9es Les spectacles \u00e0 Saint-Domingue sont les bienvenus. Nous aimerions particuli\u00e8rement conna\u00eetre le point de vue de ceux qui l\u2019utilisent pour la recherche et\/ou l\u2019enseignement ou par int\u00e9r\u00eat personnel. Veuillez envoyer vos remarques \u00e0 saintdomingue@st-andrews.ac.uk<\/p>\n","protected":false},"author":1,"featured_media":0,"parent":0,"menu_order":0,"comment_status":"closed","ping_status":"closed","template":"","meta":{"footnotes":""},"class_list":["post-223","page","type-page","status-publish","hentry"],"_links":{"self":[{"href":"https:\/\/www.theatreinsaintdomingue.org\/index.php\/wp-json\/wp\/v2\/pages\/223","targetHints":{"allow":["GET"]}}],"collection":[{"href":"https:\/\/www.theatreinsaintdomingue.org\/index.php\/wp-json\/wp\/v2\/pages"}],"about":[{"href":"https:\/\/www.theatreinsaintdomingue.org\/index.php\/wp-json\/wp\/v2\/types\/page"}],"author":[{"embeddable":true,"href":"https:\/\/www.theatreinsaintdomingue.org\/index.php\/wp-json\/wp\/v2\/users\/1"}],"replies":[{"embeddable":true,"href":"https:\/\/www.theatreinsaintdomingue.org\/index.php\/wp-json\/wp\/v2\/comments?post=223"}],"version-history":[{"count":1,"href":"https:\/\/www.theatreinsaintdomingue.org\/index.php\/wp-json\/wp\/v2\/pages\/223\/revisions"}],"predecessor-version":[{"id":224,"href":"https:\/\/www.theatreinsaintdomingue.org\/index.php\/wp-json\/wp\/v2\/pages\/223\/revisions\/224"}],"wp:attachment":[{"href":"https:\/\/www.theatreinsaintdomingue.org\/index.php\/wp-json\/wp\/v2\/media?parent=223"}],"curies":[{"name":"wp","href":"https:\/\/api.w.org\/{rel}","templated":true}]}}