{"id":117,"date":"2018-01-19T16:03:37","date_gmt":"2018-01-19T16:03:37","guid":{"rendered":"https:\/\/www.theatreinsaintdomingue.org\/?page_id=117"},"modified":"2020-04-28T10:23:13","modified_gmt":"2020-04-28T10:23:13","slug":"equipe","status":"publish","type":"page","link":"https:\/\/www.theatreinsaintdomingue.org\/index.php\/fr\/equipe\/","title":{"rendered":"\u00e9quipe"},"content":{"rendered":"<p>Directeur et chercheur principal : Julia Prest (<a href=\"mailto:jtp22@st-andrews.ac.uk\">jtp22@st-andrews.ac.uk<\/a>)<\/p>\n<p>Assistants de recherche : Sean Heath, Sarah Townshend et Bram van Leuveren<\/p>\n<p>Programmation : Swithun Crowe et Mary Woodcock Kroble<\/p>\n<p>Cartes : Duncan Stewart<\/p>\n<p>Traductions : H\u00e9l\u00e8ne Sicard-Cowan (fran\u00e7ais) ; Haitian Creole Language Services et Anne McConnell-Wisskirchen (cr\u00e9ole)<\/p>\n","protected":false},"excerpt":{"rendered":"<p>Directeur et chercheur principal : Julia Prest (jtp22@st-andrews.ac.uk) Assistants de recherche : Sean Heath, Sarah Townshend et Bram van Leuveren Programmation : Swithun Crowe et Mary Woodcock Kroble Cartes : Duncan Stewart Traductions : H\u00e9l\u00e8ne Sicard-Cowan (fran\u00e7ais) ; Haitian Creole Language Services et Anne McConnell-Wisskirchen (cr\u00e9ole)<\/p>\n","protected":false},"author":1,"featured_media":0,"parent":0,"menu_order":0,"comment_status":"closed","ping_status":"closed","template":"","meta":{"footnotes":""},"class_list":["post-117","page","type-page","status-publish","hentry"],"_links":{"self":[{"href":"https:\/\/www.theatreinsaintdomingue.org\/index.php\/wp-json\/wp\/v2\/pages\/117","targetHints":{"allow":["GET"]}}],"collection":[{"href":"https:\/\/www.theatreinsaintdomingue.org\/index.php\/wp-json\/wp\/v2\/pages"}],"about":[{"href":"https:\/\/www.theatreinsaintdomingue.org\/index.php\/wp-json\/wp\/v2\/types\/page"}],"author":[{"embeddable":true,"href":"https:\/\/www.theatreinsaintdomingue.org\/index.php\/wp-json\/wp\/v2\/users\/1"}],"replies":[{"embeddable":true,"href":"https:\/\/www.theatreinsaintdomingue.org\/index.php\/wp-json\/wp\/v2\/comments?post=117"}],"version-history":[{"count":6,"href":"https:\/\/www.theatreinsaintdomingue.org\/index.php\/wp-json\/wp\/v2\/pages\/117\/revisions"}],"predecessor-version":[{"id":281,"href":"https:\/\/www.theatreinsaintdomingue.org\/index.php\/wp-json\/wp\/v2\/pages\/117\/revisions\/281"}],"wp:attachment":[{"href":"https:\/\/www.theatreinsaintdomingue.org\/index.php\/wp-json\/wp\/v2\/media?parent=117"}],"curies":[{"name":"wp","href":"https:\/\/api.w.org\/{rel}","templated":true}]}}